{"id":821,"date":"2021-11-01T12:13:16","date_gmt":"2021-11-01T11:13:16","guid":{"rendered":"https:\/\/www.love4art.nl\/?page_id=821"},"modified":"2024-10-14T13:13:42","modified_gmt":"2024-10-14T11:13:42","slug":"exposities","status":"publish","type":"page","link":"https:\/\/love4art.nl\/es\/exposities\/","title":{"rendered":"Exposici\u00f3nes","raw":"Exposici\u00f3nes"},"content":{"rendered":"<ul>\n<li>Inauguraci\u00f3n 31 de octubre de 2024 &#8211; 2 de diciembre de 2024<br \/>\nExposici\u00f3n individual Esculturas en bronce y dibujos de caballos, Casa de Cultura, Alfaz del Pi (SP)<\/li>\n<li>21 octubre 2022 &#8211; 6 enero 2024:\u00a0&#8216;Esculturas de piedra, hierro y bronce&#8217;<br \/>\nExposici\u00f3n de Vicente P\u00e9rez, Alb\u00e8r te Brake y Monique Neyzen, tres amigos artistas que trabajan en diferentes estilos y materiales.<br \/>\nEl jard\u00edn de esculturas Klein-Schreuder, Alfas del Pi<\/li>\n<li>13th January 2022 &#8211; 10th March 2022:\u00a0&#8216;Baila en La Barbera&#8217;<br \/>\nsolo exhibition of bronze dance sculptures<br \/>\nEspai d&#8217;Art Contemporani de la Barbera dels Aragon\u00e9s&#8217; in Villajoyosa<\/li>\n<li>April &#8211; June 2019: \u201820 A\u00f1os, 10 Escultores\u2019<br \/>\nexposicion colectiva del 20 Aniversario jardin de esculturas<br \/>\nSculpture Garden Fundaci\u00f3n Klein-Schreuder, Alfas del Pi (SP)<\/li>\n<li>February &#8211; March 2019: \u2018Esp\u00edritu de la Danza\u2019<br \/>\nsolo exhibition of bronze dance sculptures and dance drawings<br \/>\nCasa de Cultura, Alfas del Pi (SP)<\/li>\n<li>November 2018 &#8211; January 2019: \u2018PASSION! Caballos y formas humanos\u2019<br \/>\nsolo exhibition of bronze horses and nude drawings<br \/>\nSala exposiciones Ayuntamiento, Finestrat (SP)<\/li>\n<li>April &#8211; June 2018: \u2018Bronze in Motion\u2019<br \/>\nsolo exhibition of 50 bronzes and some sculptured stones<br \/>\nSculpture garden Fundaci\u00f3n Klein-Schreuder, Alfas del Pi (SP)<\/li>\n<li>May 2017 Atelierroute Laren (NL)<\/li>\n<li>May 2016 Atelierroute Laren (NL)<\/li>\n<\/ul>\n","protected":false,"raw":"<ul>\r\n \t<li>Inauguraci\u00f3n 31 de octubre de 2024 - 2 de diciembre de 2024\r\nExposici\u00f3n individual Esculturas en bronce y dibujos de caballos, Casa de Cultura, Alfaz del Pi (SP)<\/li>\r\n \t<li>21 octubre 2022 - 6 enero 2024:\u00a0'Esculturas de piedra, hierro y bronce'\r\nExposici\u00f3n de Vicente P\u00e9rez, Alb\u00e8r te Brake y Monique Neyzen, tres amigos artistas que trabajan en diferentes estilos y materiales.\r\nEl jard\u00edn de esculturas Klein-Schreuder, Alfas del Pi<\/li>\r\n \t<li>13th January 2022 - 10th March 2022:\u00a0'Baila en La Barbera'\r\nsolo exhibition of bronze dance sculptures\r\nEspai d'Art Contemporani de la Barbera dels Aragon\u00e9s' in Villajoyosa<\/li>\r\n \t<li>April - June 2019: \u201820 A\u00f1os, 10 Escultores\u2019\r\nexposicion colectiva del 20 Aniversario jardin de esculturas\r\nSculpture Garden Fundaci\u00f3n Klein-Schreuder, Alfas del Pi (SP)<\/li>\r\n \t<li>February - March 2019: \u2018Esp\u00edritu de la Danza\u2019\r\nsolo exhibition of bronze dance sculptures and dance drawings\r\nCasa de Cultura, Alfas del Pi (SP)<\/li>\r\n \t<li>November 2018 - January 2019: \u2018PASSION! Caballos y formas humanos\u2019\r\nsolo exhibition of bronze horses and nude drawings\r\nSala exposiciones Ayuntamiento, Finestrat (SP)<\/li>\r\n \t<li>April - June 2018: \u2018Bronze in Motion\u2019\r\nsolo exhibition of 50 bronzes and some sculptured stones\r\nSculpture garden Fundaci\u00f3n Klein-Schreuder, Alfas del Pi (SP)<\/li>\r\n \t<li>May 2017 Atelierroute Laren (NL)<\/li>\r\n \t<li>May 2016 Atelierroute Laren (NL)<\/li>\r\n<\/ul>"},"excerpt":{"rendered":"","protected":false,"raw":""},"author":1,"featured_media":0,"parent":0,"menu_order":0,"comment_status":"closed","ping_status":"closed","template":"","meta":{"_nl_post_content":"<ul>\r\n \t<li>opening 31 oktober 2024 t\/m 2 december 2024\r\nsolo expositie bronzen beelden en tekeningen van paarden, Casa de Cultura, Alfaz del Pi (SP)<\/li>\r\n \t<li>21 oktober 2023 - 6 januari 2024:\u00a0'Beelden in steen, ijzer en brons'\r\nMonique Neyzen, Alb\u00e8r te Brake en Vicente Gonz\u00e0lves: 3 kunstenaars, stijlen &amp; materialen\r\nexpositie Beeldentuin Fundaci\u00f3n Klein-Schreuder, Alfaz del Pi (SP)<\/li>\r\n \t<li>13 januari 2022 - 10 maart 2022:\u00a0'Baila en La Barbera'\r\nsolo expositie bronzen dans beelden\r\n'Espai d'Art Contemporani de la Barbera dels Aragon\u00e9s' in Villajoyosa<\/li>\r\n \t<li>december 2019 - januari 2020: \u2018Jan Keijsers y sus amigos\u2019\r\ntentoonstelling van Jan Keijser's werk en 10 vrienden, verschillende stijlen en materialen\u00a0El Corazon y Tentaciones, Aigues (SP)<\/li>\r\n \t<li>april - juni 2019:\u00a0 \u201820 A\u00f1os, 10 Escultores\u2019\r\ngroeps expositie van 10 kunstenaars ter ere van 20 jarig bestaan van\u00a0Beeldentuin Fundaci\u00f3n Klein-Schreuder, Alfaz del Pi (SP)<\/li>\r\n \t<li>februari - maart 2019: \u2018Esp\u00edritu de la Danza\u2019\r\nsolo expositie van bronzen dans beelden en dans tekeningen\r\nCasa de Cultura, Alfas del Pi (SP)<\/li>\r\n \t<li>november 2018 - januari 2019: \u2018PASSION! Caballos y formas humanos\u2019\r\nsolo expositie bronzen beelden van paarden en naakt tekeningen Sala exposiciones Ayuntamiento, Finestrat (SP)<\/li>\r\n \t<li>apil - juni 2018: \u2018Bronze in Motion\u2019\r\nsolo expositie Beeldentuin Fundaci\u00f3n Klein-Schreuder, Alfaz del Pi (SP)<\/li>\r\n \t<li>mei 2017 Atelierroute Laren (NL)<\/li>\r\n \t<li>mei 2016 Atelierroute Laren (NL)<\/li>\r\n<\/ul>","_nl_post_name":"exposities","_nl_post_excerpt":"","_nl_post_title":"Exposities","_en_post_content":"<ul>\r\n \t<li>opening 31st October 2024 - 2nd December 2024\r\nsolo exhibition bronze sculptures and drawings of horses, Casa de Cultura, Alfaz del Pi (SP)<\/li>\r\n \t<li>21st October 2023 - 6th January 2024:\u00a0'Sculptures in stone, iron and bronze'\r\nExhibition by Vicente P\u00e9rez, Alb\u00e8r te Brake &amp; Monique Neyzen, three artist friends who work in different styles and materials.\r\nSculpture garden Fundaci\u00f3n Klein-Schreuder, Alfas del Pi (SP)<\/li>\r\n \t<li>13th January 2022 - 10th March 2022:\u00a0'Baila en La Barbera'\r\nsolo exhibition of bronze dance sculptures\r\nEspai d'Art Contemporani de la Barbera dels Aragon\u00e9s' in Villajoyosa<\/li>\r\n \t<li>April - June 2019: \u201820 A\u00f1os, 10 Escultores\u2019\r\nexposicion colectiva del 20 Aniversario jardin de esculturas\r\nSculpture Garden Fundaci\u00f3n Klein-Schreuder, Alfas del Pi (SP)<\/li>\r\n \t<li>February - March 2019: \u2018Esp\u00edritu de la Danza\u2019\r\nsolo exhibition of bronze dance sculptures and dance drawings\r\nCasa de Cultura, Alfas del Pi (SP)<\/li>\r\n \t<li>November 2018 - January 2019: \u2018PASSION! Caballos y formas humanos\u2019\r\nsolo exhibition of bronze horses and nude drawings\r\nSala exposiciones Ayuntamiento, Finestrat (SP)<\/li>\r\n \t<li>April - June 2018: \u2018Bronze in Motion\u2019\r\nsolo exhibition of 50 bronzes and some sculptured stones\r\nSculpture garden Fundaci\u00f3n Klein-Schreuder, Alfas del Pi (SP)<\/li>\r\n \t<li>May 2017 Atelierroute Laren (NL)<\/li>\r\n \t<li>May 2016 Atelierroute Laren (NL)<\/li>\r\n<\/ul>","_en_post_name":"exposities","_en_post_excerpt":"","_en_post_title":"Exhibitions","_fr_post_content":"<ul>\r\n \t<li>vernissage 31 octobre 2024 - 2 d\u00e9cembre 2024\r\nexposition personnelle sculptures en bronze et dessins de chevaux, Casa de Cultura, Alfaz del Pi (SP)<\/li>\r\n \t<li>21 octobre 2023 - 6 janvier 2024\u00a0:\u00a0\"Sculptures en pierre, fer et bronze\"\r\nExposition de Vicente P\u00e9rez, Alb\u00e8r te Brake &amp; Monique Neyzen, trois amis artistes qui travaillent dans des styles et des mat\u00e9riaux diff\u00e9rents.\r\nJardin de sculptures Fundaci\u00f3n Klein-Schreuder, Alfas del Pi (ES)<\/li>\r\n \t<li>13th January 2022 - 10th March 2022:\u00a0'Baila en La Barbera'\r\nsolo exhibition of bronze dance sculptures\r\nEspai d'Art Contemporani de la Barbera dels Aragon\u00e9s' in Villajoyosa<\/li>\r\n \t<li>April - June 2019: \u201820 A\u00f1os, 10 Escultores\u2019\r\nexposicion colectiva del 20 Aniversario jardin de esculturas\r\nSculpture Garden Fundaci\u00f3n Klein-Schreuder, Alfas del Pi (SP)<\/li>\r\n \t<li>February - March 2019: \u2018Esp\u00edritu de la Danza\u2019\r\nsolo exhibition of bronze dance sculptures and dance drawings\r\nCasa de Cultura, Alfas del Pi (SP)<\/li>\r\n \t<li>November 2018 - January 2019: \u2018PASSION! Caballos y formas humanos\u2019\r\nsolo exhibition of bronze horses and nude drawings\r\nSala exposiciones Ayuntamiento, Finestrat (SP)<\/li>\r\n \t<li>April - June 2018: \u2018Bronze in Motion\u2019\r\nsolo exhibition of 50 bronzes and some sculptured stones\r\nSculpture garden Fundaci\u00f3n Klein-Schreuder, Alfas del Pi (SP)<\/li>\r\n \t<li>May 2017 Atelierroute Laren (NL)<\/li>\r\n \t<li>May 2016 Atelierroute Laren (NL)<\/li>\r\n<\/ul>","_fr_post_name":"exposities","_fr_post_excerpt":"","_fr_post_title":"Expositions","_es_post_content":"<ul>\r\n \t<li>Inauguraci\u00f3n 31 de octubre de 2024 - 2 de diciembre de 2024\r\nExposici\u00f3n individual Esculturas en bronce y dibujos de caballos, Casa de Cultura, Alfaz del Pi (SP)<\/li>\r\n \t<li>21 octubre 2022 - 6 enero 2024:\u00a0'Esculturas de piedra, hierro y bronce'\r\nExposici\u00f3n de Vicente P\u00e9rez, Alb\u00e8r te Brake y Monique Neyzen, tres amigos artistas que trabajan en diferentes estilos y materiales.\r\nEl jard\u00edn de esculturas Klein-Schreuder, Alfas del Pi<\/li>\r\n \t<li>13th January 2022 - 10th March 2022:\u00a0'Baila en La Barbera'\r\nsolo exhibition of bronze dance sculptures\r\nEspai d'Art Contemporani de la Barbera dels Aragon\u00e9s' in Villajoyosa<\/li>\r\n \t<li>April - June 2019: \u201820 A\u00f1os, 10 Escultores\u2019\r\nexposicion colectiva del 20 Aniversario jardin de esculturas\r\nSculpture Garden Fundaci\u00f3n Klein-Schreuder, Alfas del Pi (SP)<\/li>\r\n \t<li>February - March 2019: \u2018Esp\u00edritu de la Danza\u2019\r\nsolo exhibition of bronze dance sculptures and dance drawings\r\nCasa de Cultura, Alfas del Pi (SP)<\/li>\r\n \t<li>November 2018 - January 2019: \u2018PASSION! Caballos y formas humanos\u2019\r\nsolo exhibition of bronze horses and nude drawings\r\nSala exposiciones Ayuntamiento, Finestrat (SP)<\/li>\r\n \t<li>April - June 2018: \u2018Bronze in Motion\u2019\r\nsolo exhibition of 50 bronzes and some sculptured stones\r\nSculpture garden Fundaci\u00f3n Klein-Schreuder, Alfas del Pi (SP)<\/li>\r\n \t<li>May 2017 Atelierroute Laren (NL)<\/li>\r\n \t<li>May 2016 Atelierroute Laren (NL)<\/li>\r\n<\/ul>","_es_post_name":"exposities","_es_post_excerpt":"","_es_post_title":"Exposici\u00f3nes","edit_language":"es","footnotes":""},"class_list":["post-821","page","type-page","status-publish","hentry"],"_links":{"self":[{"href":"https:\/\/love4art.nl\/es\/wp-json\/wp\/v2\/pages\/821","targetHints":{"allow":["GET"]}}],"collection":[{"href":"https:\/\/love4art.nl\/es\/wp-json\/wp\/v2\/pages"}],"about":[{"href":"https:\/\/love4art.nl\/es\/wp-json\/wp\/v2\/types\/page"}],"author":[{"embeddable":true,"href":"https:\/\/love4art.nl\/es\/wp-json\/wp\/v2\/users\/1"}],"replies":[{"embeddable":true,"href":"https:\/\/love4art.nl\/es\/wp-json\/wp\/v2\/comments?post=821"}],"version-history":[{"count":19,"href":"https:\/\/love4art.nl\/es\/wp-json\/wp\/v2\/pages\/821\/revisions"}],"predecessor-version":[{"id":992,"href":"https:\/\/love4art.nl\/es\/wp-json\/wp\/v2\/pages\/821\/revisions\/992"}],"wp:attachment":[{"href":"https:\/\/love4art.nl\/es\/wp-json\/wp\/v2\/media?parent=821"}],"curies":[{"name":"wp","href":"https:\/\/api.w.org\/{rel}","templated":true}]}}